{"id":1447,"date":"2017-10-31T15:26:10","date_gmt":"2017-10-31T15:26:10","guid":{"rendered":"http:\/\/kitchengacaferi.com\/accessories\/"},"modified":"2017-12-08T08:46:19","modified_gmt":"2017-12-08T08:46:19","slug":"accessories","status":"publish","type":"page","link":"https:\/\/www.gacaferi.com\/it\/accessories\/","title":{"rendered":"Accessories"},"content":{"rendered":"<h2>Noi usiamo i migliori accessori per fornire la migliore qualit\u00e0<\/h2>\n<p>Le nostre cucine sono realizzate in modo da garantire alti standard di qualit\u00e0 a tutti i livelli. Per quanto riguarda gli aspetti tecnico-costruttivi, ogni particolare \u00e8 progettato per garantire al prodotto una lunga durata: ogni componente viene selezionata o realizzata sulla base delle migliori condizioni di qualit\u00e0 tecnica ed estetica e viene sottoposto ad una serie di controlli accurati. Sono soprattutto questi elementi che, seppur non visibili, rendono la cucina altamente affidabile, con \u201cun\u2019anima tecnica\u201d tecnologica e sofisticata: sono gli interni solidi e sicuri; \u00e8 tutta la ferramenta e la minuteria metallica, i sistemi di apertura e chiusura delle ante, di scorrimento dei cassetti e dei cestelli, garanzia di leggerezza e di massima precisione; \u00e8 l\u2019utilizzo di materiali capaci di contrastare la presenza di umidit\u00e0 o di eventuali infiltrazioni d\u2019acqua.<\/p>\n<p>&nbsp;<\/p>\n","protected":false},"excerpt":{"rendered":"<p>Noi usiamo i migliori accessori per fornire la migliore qualit\u00e0 Le nostre cucine sono realizzate in modo da garantire alti standard di qualit\u00e0 a tutti i livelli. Per quanto riguarda gli aspetti tecnico-costruttivi, ogni particolare \u00e8 progettato per garantire al prodotto una lunga durata: ogni componente viene selezionata o realizzata sulla base delle migliori condizioni [&hellip;]<\/p>\n","protected":false},"author":1,"featured_media":0,"parent":0,"menu_order":11,"comment_status":"closed","ping_status":"closed","template":"accessories_list.php","meta":{"_mi_skip_tracking":false},"acf":[],"_links":{"self":[{"href":"https:\/\/www.gacaferi.com\/it\/wp-json\/wp\/v2\/pages\/1447"}],"collection":[{"href":"https:\/\/www.gacaferi.com\/it\/wp-json\/wp\/v2\/pages"}],"about":[{"href":"https:\/\/www.gacaferi.com\/it\/wp-json\/wp\/v2\/types\/page"}],"author":[{"embeddable":true,"href":"https:\/\/www.gacaferi.com\/it\/wp-json\/wp\/v2\/users\/1"}],"replies":[{"embeddable":true,"href":"https:\/\/www.gacaferi.com\/it\/wp-json\/wp\/v2\/comments?post=1447"}],"version-history":[{"count":7,"href":"https:\/\/www.gacaferi.com\/it\/wp-json\/wp\/v2\/pages\/1447\/revisions"}],"predecessor-version":[{"id":2047,"href":"https:\/\/www.gacaferi.com\/it\/wp-json\/wp\/v2\/pages\/1447\/revisions\/2047"}],"wp:attachment":[{"href":"https:\/\/www.gacaferi.com\/it\/wp-json\/wp\/v2\/media?parent=1447"}],"curies":[{"name":"wp","href":"https:\/\/api.w.org\/{rel}","templated":true}]}}